{"id":9,"date":"2019-01-18T16:00:48","date_gmt":"2019-01-18T15:00:48","guid":{"rendered":"http:\/\/ichteste.hot-brakel.de\/?page_id=9"},"modified":"2025-07-23T16:56:23","modified_gmt":"2025-07-23T14:56:23","slug":"h-o-t-haus-der-offenen-tuer","status":"publish","type":"page","link":"https:\/\/jugendfreizeitstaette-brakel.de\/?page_id=9","title":{"rendered":"\u00dcber das Haus"},"content":{"rendered":"<div class=\"wp-block-image\">\n<figure class=\"alignright is-resized\"><img decoding=\"async\" src=\"http:\/\/ichteste.hot-brakel.de\/wp-content\/uploads\/2019\/01\/DSCF0376.jpg\" alt=\"\" class=\"wp-image-8\" style=\"width:337px;height:253px\"\/><\/figure><\/div>\n\n\n<p>Die Jugendfreizeitst\u00e4tte ist seit 1986 der <strong>Treffpunkt f\u00fcr Jugendliche in Brakel<\/strong> mit Gelegenheit zum Austausch und gemeinsamer Kommunikation.&nbsp;<\/p>\n\n\n\n<p>\n\tKonzeptionell richtet sich die Arbeit der\n sozial-\/p\u00e4dagogischen Fachkr\u00e4fte des &nbsp;H.O.T. auf die Entwicklung der \nSt\u00e4rken und Eigenarten der jugendlichen Besucher. Hier l\u00e4sst es sich \neinfach &#8222;chillen&#8220;, Musik h\u00f6ren oder es k\u00f6nnen die vielf\u00e4ltigen \nFreizeitangebote genutzt werden. Daneben hilft das eingesetzte Personal \nbei der Bew\u00e4ltigung schwieriger Lebenssituationen. Aber auch \ngemeinschaftliche Aktivit\u00e4ten kommen nicht zu kurz; sie erm\u00f6glichen \nGemeinschaftserlebnisse (Kletteraktionen, Fahrten zu Freizeitparks \netc.).<\/p>\n\n\n\n<p>\n\t<strong>Zur Geschichte:<\/strong><\/p>\n\n\n\n<p>\n\tUm 1970 wurde die Einrichtung eines \nJugendheimes als &#8222;Gro\u00dfes Haus der offenen T\u00fcr&#8220; (H.O.T) angestrebt. \nKonkret wurde das Vorhaben mit dem Erwerb des ehemaligen Pfarrheims der \nKath. Kirchengemeinde in der Heiligen Seele zum 01.01.1981. F\u00f6rdermittel\n des Landes zur vollst\u00e4ndigen Umgestaltung (Aus- und Umbau) des Geb\u00e4udes\n konnten aber aufgund der angespannten Finanzsituation des Landes leider\n nicht erlangt werden, so dass das Geb\u00e4ude zun\u00e4chst weitgehend ungenutzt\n blieb.<\/p>\n\n\n\n<p>\n\tAnfang 1985 hat die Stadt Brakel auf sich\n allein gestellt begonnen, das avisierte H.O.T. mit eigenen, \nbescheidenen Mitteln und u.a. durch Unterst\u00fctzung der Arbeitsverwaltung \nund des \u00f6rtlichen Volkshoch- schul- Zweckverbandes zu verwirklichen.<\/p>\n\n\n\n<p>\n\t&nbsp;Zun\u00e4chst wurde das Erdgeschoss f\u00fcr die offene Jugendarbeit renoviert und eingerichtet.<\/p>\n\n\n\n<p>\n\tDas r\u00e4umliche Angebot und die \nAusstattungen wurden nach und nach erweitert, aktualisiert und auf einen\n zeitgem\u00e4\u00dfen Stand gebracht, was nicht nur f\u00fcr die sog. &#8222;Neuen Medien&#8220; \ngilt.<\/p>\n\n\n\n<p>Seit 2025 ist Ninja Br\u00f6ker die neue Leiterin der Jugendfreizeitst\u00e4tte Brakel, nachdem die langj\u00e4hrige Leiterin Ingrid Roland Ende 2024 in den Ruhestand ging. <\/p>\n","protected":false},"excerpt":{"rendered":"<p>Die Jugendfreizeitst\u00e4tte ist seit&#46;&#46;&#46;<\/p>\n","protected":false},"author":1,"featured_media":0,"parent":0,"menu_order":0,"comment_status":"closed","ping_status":"closed","template":"","meta":{"ngg_post_thumbnail":0,"footnotes":""},"class_list":["post-9","page","type-page","status-publish","hentry"],"_links":{"self":[{"href":"https:\/\/jugendfreizeitstaette-brakel.de\/index.php?rest_route=\/wp\/v2\/pages\/9","targetHints":{"allow":["GET"]}}],"collection":[{"href":"https:\/\/jugendfreizeitstaette-brakel.de\/index.php?rest_route=\/wp\/v2\/pages"}],"about":[{"href":"https:\/\/jugendfreizeitstaette-brakel.de\/index.php?rest_route=\/wp\/v2\/types\/page"}],"author":[{"embeddable":true,"href":"https:\/\/jugendfreizeitstaette-brakel.de\/index.php?rest_route=\/wp\/v2\/users\/1"}],"replies":[{"embeddable":true,"href":"https:\/\/jugendfreizeitstaette-brakel.de\/index.php?rest_route=%2Fwp%2Fv2%2Fcomments&post=9"}],"version-history":[{"count":3,"href":"https:\/\/jugendfreizeitstaette-brakel.de\/index.php?rest_route=\/wp\/v2\/pages\/9\/revisions"}],"predecessor-version":[{"id":1231,"href":"https:\/\/jugendfreizeitstaette-brakel.de\/index.php?rest_route=\/wp\/v2\/pages\/9\/revisions\/1231"}],"wp:attachment":[{"href":"https:\/\/jugendfreizeitstaette-brakel.de\/index.php?rest_route=%2Fwp%2Fv2%2Fmedia&parent=9"}],"curies":[{"name":"wp","href":"https:\/\/api.w.org\/{rel}","templated":true}]}}