{"id":713,"date":"2020-12-17T00:00:00","date_gmt":"2020-12-16T23:00:00","guid":{"rendered":"http:\/\/jugendfreizeitstaette-brakel.de\/?page_id=713"},"modified":"2020-12-14T00:15:43","modified_gmt":"2020-12-13T23:15:43","slug":"adventskalender-tag-17","status":"publish","type":"page","link":"https:\/\/jugendfreizeitstaette-brakel.de\/?page_id=713","title":{"rendered":"Adventskalender &#8211; Tag 17"},"content":{"rendered":"\n<p><strong>M\u00e4rchen aus anderen L\u00e4ndern<\/strong><\/p>\n\n\n\n<div class=\"wp-block-image\"><figure class=\"aligncenter size-large\"><img loading=\"lazy\" decoding=\"async\" width=\"640\" height=\"427\" src=\"http:\/\/jugendfreizeitstaette-brakel.de\/wp-content\/uploads\/2020\/12\/frost.jpg\" alt=\"\" class=\"wp-image-818\" srcset=\"https:\/\/jugendfreizeitstaette-brakel.de\/wp-content\/uploads\/2020\/12\/frost.jpg 640w, https:\/\/jugendfreizeitstaette-brakel.de\/wp-content\/uploads\/2020\/12\/frost-300x200.jpg 300w\" sizes=\"auto, (max-width: 640px) 100vw, 640px\" \/><\/figure><\/div>\n\n\n\n<p><strong>V\u00e4terchen Frost<\/strong><\/p>\n\n\n\n<p>Es war einmal vor langer, langer Zeit, in einem weit, weit entfernten Land, ein Mann mit seiner Frau. <br>Beide waren bereits das zweite Mal verheiratet, denn ihre fr\u00fcheren Ehegatten waren gestorben und so hatten sie sich gefunden und erneut geheiratet. Beide hatten aus ihrer fr\u00fcheren Ehe jeweils eine Tochter. Die Tochter der Frau war b\u00f6se und gemein, w\u00e4hrend die Tochter des Mannes eine liebe und sanfte Person war. Die Frau liebte nur ihre eigene Tochter und lies die Tochter des Mannes, ihre Stieftochter, immer alle Arbeiten verrichten. Das M\u00e4dchen musste den ganzen Tag hart arbeiten, das gesamte Haus putzen und wurde zum Dank von ihrer Stiefmutter auch noch oft geschlagen und beschimpft, wehrte sich jedoch nie. Die Stiefmutter hasste ihre Stieftochter jeden Tag mehr. <br>Eines Tages, mitten in einem eiskalten, harten Winter, beschloss die Stiefmutter das arme M\u00e4dchen in den tiefen Wald gebracht und sich selbst \u00fcberlassen werden sollte. Der Vater des M\u00e4dchens wollte dies nat\u00fcrlich nicht, aber er hatte mittlerweile Angst vor seiner Frau, die so b\u00f6se und herrisch war, dass er seine Tochter tats\u00e4chlich mit in den Wald nahm und sie dort allein zur\u00fcck lies. <br>Einsam und verlassen sa\u00df das M\u00e4dchen nun dort unter einem Baum und h\u00f6rte die Zweige knacken und kurz darauf eine Stimme, die sprach: &#8222;Frierst du, liebes Kind?&#8220; Das M\u00e4dchen erkannte die Stimme als die von V\u00e4terchen Frost und antwortete: &#8222;Nein, V\u00e4terchen Frost. Mir ist nicht kalt.&#8220; Er fragte sie abermals und kam n\u00e4her zu dem Kind. Das M\u00e4dchen antwortete erneut, dass ihm warm sei, doch V\u00e4terchen Frost bedauerte das Kind so sehr, dass er es in einen weichen, pr\u00e4chtigen Mantel wickelte, die ganze Nacht w\u00e4rmte und es am Morgen mit Geschenken \u00fcberh\u00e4ufte. <\/p>\n\n\n\n<p>Der Vater bedauerte seine b\u00f6se Tat inzwischen und kam am n\u00e4chsten Tag in den Wald zur\u00fcck um seine Tochter zu retten. Er freute sich sehr, als er sie nicht nur lebendig, sondern auch warm bekleidet und mit gro\u00dfen Reicht\u00fcmern beladen fand. Gemeinsam mit ihr kehrte er nach Hause zur\u00fcck. <br>Als die Stiefmutter die Reicht\u00fcmer des M\u00e4dchens sah, wollte sie sofort, dass auch ihre eigene Tochter in den Wald gebracht und dort eine Nacht verbringen sollte. Nat\u00fcrlich hoffte sie, dass auch ihre Tochter reich beschenkt zur\u00fcckkommen w\u00fcrde. <br>Also ging der Mann in den Wald und lie\u00df auch die Tochter der Frau dort zur\u00fcck. Doch als er sie am n\u00e4chsten Morgen wieder holen wollte, erschrak er. Nicht beladen mit Reicht\u00fcmern, sondern kalt gefroren war der K\u00f6rper des b\u00f6sen M\u00e4dchens. <br>Er brachte ihren Leichnam der b\u00f6sen Frau zur\u00fcck, nahm seine eigene Tochter bei der Hand und zog von der b\u00f6sen Stiefmutter f\u00fcr immer fort. <br>Und wenn er und das M\u00e4dchen nicht gestorben sind, so leben sie noch heute. <\/p>\n","protected":false},"excerpt":{"rendered":"<p>M\u00e4rchen aus anderen L\u00e4ndern&#46;&#46;&#46;<\/p>\n","protected":false},"author":1,"featured_media":0,"parent":667,"menu_order":17,"comment_status":"closed","ping_status":"closed","template":"","meta":{"ngg_post_thumbnail":0,"footnotes":""},"class_list":["post-713","page","type-page","status-publish","hentry"],"_links":{"self":[{"href":"https:\/\/jugendfreizeitstaette-brakel.de\/index.php?rest_route=\/wp\/v2\/pages\/713","targetHints":{"allow":["GET"]}}],"collection":[{"href":"https:\/\/jugendfreizeitstaette-brakel.de\/index.php?rest_route=\/wp\/v2\/pages"}],"about":[{"href":"https:\/\/jugendfreizeitstaette-brakel.de\/index.php?rest_route=\/wp\/v2\/types\/page"}],"author":[{"embeddable":true,"href":"https:\/\/jugendfreizeitstaette-brakel.de\/index.php?rest_route=\/wp\/v2\/users\/1"}],"replies":[{"embeddable":true,"href":"https:\/\/jugendfreizeitstaette-brakel.de\/index.php?rest_route=%2Fwp%2Fv2%2Fcomments&post=713"}],"version-history":[{"count":3,"href":"https:\/\/jugendfreizeitstaette-brakel.de\/index.php?rest_route=\/wp\/v2\/pages\/713\/revisions"}],"predecessor-version":[{"id":819,"href":"https:\/\/jugendfreizeitstaette-brakel.de\/index.php?rest_route=\/wp\/v2\/pages\/713\/revisions\/819"}],"up":[{"embeddable":true,"href":"https:\/\/jugendfreizeitstaette-brakel.de\/index.php?rest_route=\/wp\/v2\/pages\/667"}],"wp:attachment":[{"href":"https:\/\/jugendfreizeitstaette-brakel.de\/index.php?rest_route=%2Fwp%2Fv2%2Fmedia&parent=713"}],"curies":[{"name":"wp","href":"https:\/\/api.w.org\/{rel}","templated":true}]}}