{"id":695,"date":"2020-12-08T00:00:00","date_gmt":"2020-12-07T23:00:00","guid":{"rendered":"http:\/\/jugendfreizeitstaette-brakel.de\/?page_id=695"},"modified":"2020-12-07T21:39:14","modified_gmt":"2020-12-07T20:39:14","slug":"adventskalender-tag-8","status":"publish","type":"page","link":"https:\/\/jugendfreizeitstaette-brakel.de\/?page_id=695","title":{"rendered":"Adventskalender &#8211; Tag 8"},"content":{"rendered":"\n<p><strong>R\u00e4tselzeit! <\/strong><\/p>\n\n\n\n<p>Eignet ihr euch als Kriminalkommissare? Wir haben nachfolgend zwei Krimi-R\u00e4tsel f\u00fcr euch, die es zu l\u00f6sen gilt! Viel Spa\u00df beim Knobeln!<\/p>\n\n\n\n<p><strong>Fall Nr. 1: <\/strong><br>In einem Raum h\u00e4ngt ein Mann tot an einem Seil. Er hat sich offenbar erh\u00e4ngt, doch die Polizei steht dennoch vor einem R\u00e4tsel. Sie wissen nicht, wie der Mann es alleine da hoch geschafft haben soll, denn der Raum ist ansonsten v\u00f6llig leer. Unter dem Mann befindet sich lediglich eine gro\u00dfe Pf\u00fctze. Was ist geschehen?<\/p>\n\n\n\n<p><strong>Fall Nr. 2:<\/strong><br>In einem Raum liegen M &amp; M tot in einer gro\u00dfen Wasserlache auf dem Boden. Um sie herum liegen jede Menge Scherben verteilt. Das einzige Fenster des Raums ist ge\u00f6ffnet und drau\u00dfen tobt ein heftiger Sturm!<\/p>\n\n\n\n<div class=\"wp-block-image\"><figure class=\"aligncenter size-large\"><img loading=\"lazy\" decoding=\"async\" width=\"640\" height=\"314\" src=\"http:\/\/jugendfreizeitstaette-brakel.de\/wp-content\/uploads\/2020\/12\/krimi.png\" alt=\"\" class=\"wp-image-778\" srcset=\"https:\/\/jugendfreizeitstaette-brakel.de\/wp-content\/uploads\/2020\/12\/krimi.png 640w, https:\/\/jugendfreizeitstaette-brakel.de\/wp-content\/uploads\/2020\/12\/krimi-300x147.png 300w\" sizes=\"auto, (max-width: 640px) 100vw, 640px\" \/><\/figure><\/div>\n\n\n\n<p><strong>L\u00f6sung 1:<\/strong> <br>Der Mann kaufte einen gro\u00dfen Eisblock, stieg hinauf und legte sich dann die Schlinge um den Hals. Als der Eisblock schlie\u00dflich geschmolzen war, erh\u00e4ngte sich der Mann und starb. Die Pf\u00fctze ist der \u00dcberrest des Eisblocks.<\/p>\n\n\n\n<p><strong>L\u00f6sung 2: <\/strong><br>M &amp; M waren zwei Goldfische, die in einem Glas lebten. Dieses stand auf der Fensterbank. Der starke Sturm dr\u00fcckte das Fenster auf und so st\u00fcrzte das Goldfischglas auf dem Boden und zerbrach. Daher die vielen Scherben und das Wasser auf dem Boden. Und da Fische ohne Wasser nicht leben k\u00f6nnen, erstickten sie einfach!<\/p>\n\n\n\n<p><\/p>\n","protected":false},"excerpt":{"rendered":"<p>R\u00e4tselzeit! Eignet ihr euch&#46;&#46;&#46;<\/p>\n","protected":false},"author":1,"featured_media":0,"parent":667,"menu_order":8,"comment_status":"closed","ping_status":"closed","template":"","meta":{"ngg_post_thumbnail":0,"footnotes":""},"class_list":["post-695","page","type-page","status-publish","hentry"],"_links":{"self":[{"href":"https:\/\/jugendfreizeitstaette-brakel.de\/index.php?rest_route=\/wp\/v2\/pages\/695","targetHints":{"allow":["GET"]}}],"collection":[{"href":"https:\/\/jugendfreizeitstaette-brakel.de\/index.php?rest_route=\/wp\/v2\/pages"}],"about":[{"href":"https:\/\/jugendfreizeitstaette-brakel.de\/index.php?rest_route=\/wp\/v2\/types\/page"}],"author":[{"embeddable":true,"href":"https:\/\/jugendfreizeitstaette-brakel.de\/index.php?rest_route=\/wp\/v2\/users\/1"}],"replies":[{"embeddable":true,"href":"https:\/\/jugendfreizeitstaette-brakel.de\/index.php?rest_route=%2Fwp%2Fv2%2Fcomments&post=695"}],"version-history":[{"count":3,"href":"https:\/\/jugendfreizeitstaette-brakel.de\/index.php?rest_route=\/wp\/v2\/pages\/695\/revisions"}],"predecessor-version":[{"id":780,"href":"https:\/\/jugendfreizeitstaette-brakel.de\/index.php?rest_route=\/wp\/v2\/pages\/695\/revisions\/780"}],"up":[{"embeddable":true,"href":"https:\/\/jugendfreizeitstaette-brakel.de\/index.php?rest_route=\/wp\/v2\/pages\/667"}],"wp:attachment":[{"href":"https:\/\/jugendfreizeitstaette-brakel.de\/index.php?rest_route=%2Fwp%2Fv2%2Fmedia&parent=695"}],"curies":[{"name":"wp","href":"https:\/\/api.w.org\/{rel}","templated":true}]}}