{"id":685,"date":"2020-12-03T00:00:00","date_gmt":"2020-12-02T23:00:00","guid":{"rendered":"http:\/\/jugendfreizeitstaette-brakel.de\/?page_id=685"},"modified":"2020-11-27T14:02:41","modified_gmt":"2020-11-27T13:02:41","slug":"adventskalender-tag-3","status":"publish","type":"page","link":"https:\/\/jugendfreizeitstaette-brakel.de\/?page_id=685","title":{"rendered":"Adventskalender &#8211; Tag 3"},"content":{"rendered":"\n<p><strong>Rate das M\u00e4rchen!<\/strong><\/p>\n\n\n\n<p>Wir beschreiben euch nachfolgend zwei M\u00e4rchen in Jugendsprache. K\u00f6nnt ihr erraten um welches M\u00e4rchen es sich handelt?<\/p>\n\n\n\n<p><strong>M\u00e4rchen 1:<\/strong> <br>Chickse braucht keinen Frisendoktor und l\u00e4sst f\u00fcr Date h\u00e4ngen. <\/p>\n\n\n\n<p><strong>M\u00e4rchen 2:<\/strong><br>Bratan und Bratuschka finden die Base einer Bitch und speaken davon.<\/p>\n\n\n\n<figure class=\"wp-block-image size-large\"><img loading=\"lazy\" decoding=\"async\" width=\"1024\" height=\"576\" src=\"http:\/\/jugendfreizeitstaette-brakel.de\/wp-content\/uploads\/2020\/11\/maerchenzeit-1024x576.jpg\" alt=\"M\u00e4rchenzeit\" class=\"wp-image-746\" srcset=\"https:\/\/jugendfreizeitstaette-brakel.de\/wp-content\/uploads\/2020\/11\/maerchenzeit-1024x576.jpg 1024w, https:\/\/jugendfreizeitstaette-brakel.de\/wp-content\/uploads\/2020\/11\/maerchenzeit-300x169.jpg 300w, https:\/\/jugendfreizeitstaette-brakel.de\/wp-content\/uploads\/2020\/11\/maerchenzeit-768x432.jpg 768w, https:\/\/jugendfreizeitstaette-brakel.de\/wp-content\/uploads\/2020\/11\/maerchenzeit-520x292.jpg 520w, https:\/\/jugendfreizeitstaette-brakel.de\/wp-content\/uploads\/2020\/11\/maerchenzeit-720x404.jpg 720w, https:\/\/jugendfreizeitstaette-brakel.de\/wp-content\/uploads\/2020\/11\/maerchenzeit.jpg 1280w\" sizes=\"auto, (max-width: 1024px) 100vw, 1024px\" \/><figcaption>Zeit f\u00fcr neue M\u00e4rchen<\/figcaption><\/figure>\n\n\n\n<p>Na? Habt ihr die klassischen M\u00e4rchen dahinter erkannt? Klar! Es handelt sich um Rapunzel (M\u00e4rchen 1) und H\u00e4nsel und Gretel (M\u00e4rchen 2).<\/p>\n","protected":false},"excerpt":{"rendered":"<p>Rate das M\u00e4rchen! Wir&#46;&#46;&#46;<\/p>\n","protected":false},"author":1,"featured_media":0,"parent":667,"menu_order":3,"comment_status":"closed","ping_status":"closed","template":"","meta":{"ngg_post_thumbnail":0,"footnotes":""},"class_list":["post-685","page","type-page","status-publish","hentry"],"_links":{"self":[{"href":"https:\/\/jugendfreizeitstaette-brakel.de\/index.php?rest_route=\/wp\/v2\/pages\/685","targetHints":{"allow":["GET"]}}],"collection":[{"href":"https:\/\/jugendfreizeitstaette-brakel.de\/index.php?rest_route=\/wp\/v2\/pages"}],"about":[{"href":"https:\/\/jugendfreizeitstaette-brakel.de\/index.php?rest_route=\/wp\/v2\/types\/page"}],"author":[{"embeddable":true,"href":"https:\/\/jugendfreizeitstaette-brakel.de\/index.php?rest_route=\/wp\/v2\/users\/1"}],"replies":[{"embeddable":true,"href":"https:\/\/jugendfreizeitstaette-brakel.de\/index.php?rest_route=%2Fwp%2Fv2%2Fcomments&post=685"}],"version-history":[{"count":3,"href":"https:\/\/jugendfreizeitstaette-brakel.de\/index.php?rest_route=\/wp\/v2\/pages\/685\/revisions"}],"predecessor-version":[{"id":749,"href":"https:\/\/jugendfreizeitstaette-brakel.de\/index.php?rest_route=\/wp\/v2\/pages\/685\/revisions\/749"}],"up":[{"embeddable":true,"href":"https:\/\/jugendfreizeitstaette-brakel.de\/index.php?rest_route=\/wp\/v2\/pages\/667"}],"wp:attachment":[{"href":"https:\/\/jugendfreizeitstaette-brakel.de\/index.php?rest_route=%2Fwp%2Fv2%2Fmedia&parent=685"}],"curies":[{"name":"wp","href":"https:\/\/api.w.org\/{rel}","templated":true}]}}