{"id":369,"date":"2019-01-23T18:19:05","date_gmt":"2019-01-23T17:19:05","guid":{"rendered":"http:\/\/ichteste.hot-brakel.de\/?page_id=369"},"modified":"2026-04-21T12:35:15","modified_gmt":"2026-04-21T10:35:15","slug":"impressum","status":"publish","type":"page","link":"https:\/\/jugendfreizeitstaette-brakel.de\/?page_id=369","title":{"rendered":"Impressum"},"content":{"rendered":"\n<p>\n\t<strong>Betreiber der Seite:<\/strong><\/p>\n\n\n\n<p>\n\tJugendfreizeitst\u00e4tte der Stadt Brakel<\/p>\n\n\n\n<p>\n\t<br>\n\t<strong>Ansprechpartner: <\/strong><\/p>\n\n\n\n<p>Ninja Br\u00f6ker<br>Heilige Seele 1<br>33034 Brakel<br> <br> <strong>Telefon: <\/strong>05272 \/ 6147<br> <strong>E-Mail: <\/strong> jugendfreizeitstaette [at] stadtbrakel.de<\/p>\n\n\n\n<p><strong>\u00d6ffnungszeiten:<\/strong> Montag bis Freitag: 14.30 Uhr &#8211; 20.30 Uhr<\/p>\n\n\n\n<p><\/p>\n\n\n\n<p>\n\t<strong>1. Inhalt des Onlineangebotes<\/strong><br>\n\t<br>\n\tDer Autor \u00fcbernimmt keinerlei Gew\u00e4hr f\u00fcr die Aktualit\u00e4t, Korrektheit, \nVollst\u00e4ndigkeit oder Qualit\u00e4t der bereitgestellten Informationen. \nHaftungsanspr\u00fcche gegen den Autor, welche sich auf Sch\u00e4den materieller \noder ideeller Art beziehen, die durch die Nutzung oder Nichtnutzung der \ndargebotenen Informationen bzw. durch die Nutzung fehlerhafter und \nunvollst\u00e4ndiger Informationen verursacht wurden, sind grunds\u00e4tzlich \nausgeschlossen, sofern seitens des Autors kein nachweislich \nvors\u00e4tzliches oder grob fahrl\u00e4ssiges Verschulden vorliegt.<br>\n\t<br>\n\tAlle Angebote sind freibleibend und unverbindlich. Der Autor beh\u00e4lt es \nsich ausdr\u00fccklich vor, Teile der Seiten oder das gesamte Angebot ohne \ngesonderte Ank\u00fcndigung zu ver\u00e4ndern, zu erg\u00e4nzen, zu l\u00f6schen oder die \nVer\u00f6ffentlichung zeitweise oder endg\u00fcltig einzustellen.<br>\n\t<br>\n\t<strong>2. Verweise und Links<\/strong><br>\n\t<br>\n\tBei direkten oder indirekten Verweisen auf fremde Webseiten \n(&#8218;Hyperlinks&#8216;), die au\u00dferhalb des Verantwortungsbereiches des Autors \nliegen, w\u00fcrde eine Haftungsverpflichtung ausschlie\u00dflich in dem Fall in \nKraft treten, in dem der Autor von den Inhalten Kenntnis hat und es ihm \ntechnisch m\u00f6glich und zumutbar w\u00e4re, die Nutzung im Falle rechtswidriger\n Inhalte zu verhindern.<br>\n\t<br>\n\tDer Autor erkl\u00e4rt hiermit ausdr\u00fccklich, dass zum Zeitpunkt der \nLinksetzung keine illegalen Inhalte auf den zu verlinkenden Seiten \nerkennbar waren. Auf die aktuelle und zuk\u00fcnftige Gestaltung, die Inhalte\n oder die Urheberschaft der verlinkten\/verkn\u00fcpften Seiten hat der Autor \nkeinerlei Einfluss. Deshalb distanziert er sich hiermit ausdr\u00fccklich von\n allen Inhalten aller verlinkten \/verkn\u00fcpften Seiten, die nach der \nLinksetzung ver\u00e4ndert wurden. Diese Feststellung gilt f\u00fcr alle innerhalb\n des eigenen Internetangebotes gesetzten Links und Verweise sowie f\u00fcr \nFremdeintr\u00e4ge in vom Autor eingerichteten G\u00e4steb\u00fcchern, \nDiskussionsforen, Linkverzeichnissen, Mailinglisten und in allen anderen\n Formen von Datenbanken, auf deren Inhalt externe Schreibzugriffe \nm\u00f6glich sind. F\u00fcr illegale, fehlerhafte oder unvollst\u00e4ndige Inhalte und \ninsbesondere f\u00fcr Sch\u00e4den, die aus der Nutzung oder Nichtnutzung \nsolcherart dargebotener Informationen entstehen, haftet allein der \nAnbieter der Seite, auf welche verwiesen wurde, nicht derjenige, der \n\u00fcber Links auf die jeweilige Ver\u00f6ffentlichung lediglich verweist.<br>\n\t<br>\n\t<strong>3. Urheber- und Kennzeichenrecht<\/strong><br>\n\t<br>\n\tDer Autor ist bestrebt, in allen Publikationen die Urheberrechte der \nverwendeten Bilder, Grafiken, Tondokumente, Videosequenzen und Texte zu \nbeachten, von ihm selbst erstellte Bilder, Grafiken, Tondokumente, \nVideosequenzen und Texte zu nutzen oder auf lizenzfreie Grafiken, \nTondokumente, Videosequenzen und Texte zur\u00fcckzugreifen.<br>\n\tAlle innerhalb des Internetangebotes genannten und ggf. durch Dritte \ngesch\u00fctzten Marken- und Warenzeichen unterliegen uneingeschr\u00e4nkt den \nBestimmungen des jeweils g\u00fcltigen Kennzeichenrechts und den \nBesitzrechten der jeweiligen eingetragenen Eigent\u00fcmer. Allein aufgrund \nder blo\u00dfen Nennung ist nicht der Schluss zu ziehen, dass Markenzeichen \nnicht durch Rechte Dritter gesch\u00fctzt sind!<br>\n\tDas Copyright f\u00fcr ver\u00f6ffentlichte, vom Autor selbst erstellte Objekte \nbleibt allein beim Autor der Seiten. Eine Vervielf\u00e4ltigung oder \nVerwendung solcher Grafiken, Tondokumente, Videosequenzen und Texte in \nanderen elektronischen oder gedruckten Publikationen ist ohne \nausdr\u00fcckliche Zustimmung des Autors nicht gestattet.<br>\n\t<br>\n\t<strong>4. Datenschutz<\/strong><br>\n\t<br>\n\tSofern innerhalb des Internetangebotes die M\u00f6glichkeit zur Eingabe \npers\u00f6nlicher oder gesch\u00e4ftlicher Daten (Emailadressen, Namen, \nAnschriften) besteht, so erfolgt die Preisgabe dieser Daten seitens des \nNutzers auf ausdr\u00fccklich freiwilliger Basis. Die Inanspruchnahme und \nBezahlung aller angebotenen Dienste ist &#8211; soweit technisch m\u00f6glich und \nzumutbar &#8211; auch ohne Angabe solcher Daten bzw. unter Angabe \nanonymisierter Daten oder eines Pseudonyms gestattet. Die Nutzung der im\n Rahmen des Impressums oder vergleichbarer Angaben ver\u00f6ffentlichten \nKontaktdaten wie Postanschriften, Telefon- und Faxnummern sowie \nEmailadressen durch Dritte zur \u00dcbersendung von nicht ausdr\u00fccklich \nangeforderten Informationen ist nicht gestattet. Rechtliche Schritte \ngegen die Versender von sogenannten Spam-Mails bei Verst\u00f6ssen gegen \ndieses Verbot sind ausdr\u00fccklich vorbehalten.<br>\n\t<br>\n\t<strong>5. Rechtswirksamkeit dieses Haftungsausschlusses<\/strong><br>\n\t<br>\n\tDieser Haftungsausschluss ist als Teil des Internetangebotes zu \nbetrachten, von dem aus auf diese Seite verwiesen wurde. Sofern Teile \noder einzelne Formulierungen dieses Textes der geltenden Rechtslage \nnicht, nicht mehr oder nicht vollst\u00e4ndig entsprechen sollten, bleiben \ndie \u00fcbrigen Teile des Dokumentes in ihrem Inhalt und ihrer G\u00fcltigkeit \ndavon unber\u00fchrt.<\/p>\n","protected":false},"excerpt":{"rendered":"<p>Betreiber der Seite: Jugendfreizeitst\u00e4tte&#46;&#46;&#46;<\/p>\n","protected":false},"author":1,"featured_media":0,"parent":0,"menu_order":9,"comment_status":"closed","ping_status":"closed","template":"","meta":{"ngg_post_thumbnail":0,"footnotes":""},"class_list":["post-369","page","type-page","status-publish","hentry"],"_links":{"self":[{"href":"https:\/\/jugendfreizeitstaette-brakel.de\/index.php?rest_route=\/wp\/v2\/pages\/369","targetHints":{"allow":["GET"]}}],"collection":[{"href":"https:\/\/jugendfreizeitstaette-brakel.de\/index.php?rest_route=\/wp\/v2\/pages"}],"about":[{"href":"https:\/\/jugendfreizeitstaette-brakel.de\/index.php?rest_route=\/wp\/v2\/types\/page"}],"author":[{"embeddable":true,"href":"https:\/\/jugendfreizeitstaette-brakel.de\/index.php?rest_route=\/wp\/v2\/users\/1"}],"replies":[{"embeddable":true,"href":"https:\/\/jugendfreizeitstaette-brakel.de\/index.php?rest_route=%2Fwp%2Fv2%2Fcomments&post=369"}],"version-history":[{"count":4,"href":"https:\/\/jugendfreizeitstaette-brakel.de\/index.php?rest_route=\/wp\/v2\/pages\/369\/revisions"}],"predecessor-version":[{"id":1233,"href":"https:\/\/jugendfreizeitstaette-brakel.de\/index.php?rest_route=\/wp\/v2\/pages\/369\/revisions\/1233"}],"wp:attachment":[{"href":"https:\/\/jugendfreizeitstaette-brakel.de\/index.php?rest_route=%2Fwp%2Fv2%2Fmedia&parent=369"}],"curies":[{"name":"wp","href":"https:\/\/api.w.org\/{rel}","templated":true}]}}